{"id":8009,"date":"2024-02-20T08:59:27","date_gmt":"2024-02-20T08:59:27","guid":{"rendered":"https:\/\/trusting-fermi.82-223-204-184.plesk.page\/accesibilidad\/"},"modified":"2025-02-25T12:57:35","modified_gmt":"2025-02-25T12:57:35","slug":"accesibilitat","status":"publish","type":"page","link":"https:\/\/trusting-fermi.82-223-204-184.plesk.page\/ca\/accesibilitat\/","title":{"rendered":"Accesibilitat"},"content":{"rendered":"<p>[et_pb_section fb_built=&#8221;1&#8243; _builder_version=&#8221;4.21.0&#8243; _module_preset=&#8221;default&#8221; global_colors_info=&#8221;{}&#8221;][et_pb_row _builder_version=&#8221;4.21.0&#8243; _module_preset=&#8221;default&#8221; global_colors_info=&#8221;{}&#8221;][et_pb_column type=&#8221;4_4&#8243; _builder_version=&#8221;4.21.0&#8243; _module_preset=&#8221;default&#8221; global_colors_info=&#8221;{}&#8221;][et_pb_text _builder_version=&#8221;4.21.0&#8243; _module_preset=&#8221;default&#8221; hover_enabled=&#8221;0&#8243; global_colors_info=&#8221;{}&#8221; text_font=&#8221;Poiret One||||||||&#8221; sticky_enabled=&#8221;0&#8243;]<\/p>\n<h2>Declaraci\u00f3n de accesibilidad<\/h2>\n<p>[\/et_pb_text][et_pb_text _builder_version=&#8221;4.21.0&#8243; _module_preset=&#8221;default&#8221; global_colors_info=&#8221;{}&#8221;]<\/p>\n<p>Ver\u00f2nica Coloma Mateo se ha comprometido a hacer accesible su sitio web, de conformidad con el Real Decreto 1112\/2018, de 7 de septiembre, sobre accesibilidad de los sitios web y aplicaciones para dispositivos m\u00f3viles del sector p\u00fablico. La presente declaraci\u00f3n de accesibilidad se aplica a www.lovelyrice.com<\/p>\n<p>SITUACI\u00d3N DE CUMPLIMIENTO <br \/>Este sitio web est\u00e1 plenamente conforme con el RD 1112\/2018. <\/p>\n<p>CONTENIDO NO ACCESIBLE<br \/>Todo el contenido es accesible. <\/p>\n<p>PREPARACI\u00d3N DE LA PRESENTE DECLARACI\u00d3N DE ACCESIBILIDAD<br \/>La presente declaraci\u00f3n fue preparada el 10 de julio de 2023. El m\u00e9todo empleado para preparar la declaraci\u00f3n ha sido una autoevaluaci\u00f3n llevada a cabo por el propio organismo. <\/p>\n<p>OBSERVACIONES Y DATOS DE CONTACTO<br \/>Puede realizar comunicaciones sobre requisitos de accesibilidad (art\u00edculo 10.2.a) del RD 1112\/2018) como, por ejemplo: informar sobre cualquier posible incumplimiento por parte de este sitio web<br \/>transmitir otras dificultades de acceso al contenido<br \/>formular cualquier otra consulta o sugerencia de mejora relativa a la accesibilidad del sitio web<br \/>A trav\u00e9s del correo info@lovelyrice.com<\/p>\n<p>Puede presentar:<br \/>una queja relativa al cumplimiento de los requisitos del RD 1112\/2018 o una solicitud de informaci\u00f3n accesible relativa a: contenidos que est\u00e1n excluidos del \u00e1mbito de aplicaci\u00f3n del RD 1112\/2018 seg\u00fan lo establecido por el art\u00edculo 3, apartado 4 contenidos que est\u00e1n exentos del cumplimiento de los requisitos de accesibilidad por imponer una carga desproporcionada. En la solicitud de informaci\u00f3n accesible, se debe concretar, con toda claridad, los hechos, razones y petici\u00f3n que permitan constatar que se trata de una solicitud razonable y leg\u00edtima. <br \/>Las comunicaciones, quejas y solicitudes de informaci\u00f3n accesible ser\u00e1n recibidas y tratadas por Ver\u00f2nica Coloma Mateo <\/p>\n<p>PROCEDIMIENTO DE APLICACI\u00d3N<br \/>En caso de no verse atendidas las solicitudes, podr\u00e1 dirigir una comunicaci\u00f3n a <a href=\"mailto:comunicados@accesibilidad.com.es\">comunicados@accesibilidad.com.es<\/a>, dirigida en atenci\u00f3n a la Direcci\u00f3n de la organizaci\u00f3n.<\/p>\n<p>[\/et_pb_text][\/et_pb_column][\/et_pb_row][\/et_pb_section]<\/p>\n","protected":false},"excerpt":{"rendered":"<p>Declaraci\u00f3n de accesibilidadVer\u00f2nica Coloma Mateo se ha comprometido a hacer accesible su sitio web, de conformidad con el Real Decreto 1112\/2018, de 7 de septiembre, sobre accesibilidad de los sitios web y aplicaciones para dispositivos m\u00f3viles del sector p\u00fablico. La presente declaraci\u00f3n de accesibilidad se aplica a www.lovelyrice.com SITUACI\u00d3N DE CUMPLIMIENTO Este sitio web est\u00e1 [&hellip;]<\/p>\n","protected":false},"author":1,"featured_media":0,"parent":0,"menu_order":0,"comment_status":"closed","ping_status":"closed","template":"","meta":{"_et_pb_use_builder":"on","_et_pb_old_content":"","_et_gb_content_width":"","_monsterinsights_skip_tracking":false,"_monsterinsights_sitenote_active":false,"_monsterinsights_sitenote_note":"","_monsterinsights_sitenote_category":0,"footnotes":""},"class_list":["post-8009","page","type-page","status-publish","hentry"],"yoast_head":"<!-- This site is optimized with the Yoast SEO plugin v27.3 - https:\/\/yoast.com\/product\/yoast-seo-wordpress\/ -->\n<title>Accesibilitat - Lovely Rice \/ Wedding &amp; Event Planner<\/title>\n<meta name=\"robots\" content=\"index, follow, max-snippet:-1, max-image-preview:large, max-video-preview:-1\" \/>\n<link rel=\"canonical\" href=\"https:\/\/trusting-fermi.82-223-204-184.plesk.page\/ca\/accesibilitat\/\" \/>\n<meta property=\"og:locale\" content=\"ca_ES\" \/>\n<meta property=\"og:type\" content=\"article\" \/>\n<meta property=\"og:title\" content=\"Accesibilitat - Lovely Rice \/ Wedding &amp; Event Planner\" \/>\n<meta property=\"og:description\" content=\"Declaraci\u00f3n de accesibilidadVer\u00f2nica Coloma Mateo se ha comprometido a hacer accesible su sitio web, de conformidad con el Real Decreto 1112\/2018, de 7 de septiembre, sobre accesibilidad de los sitios web y aplicaciones para dispositivos m\u00f3viles del sector p\u00fablico. La presente declaraci\u00f3n de accesibilidad se aplica a www.lovelyrice.com SITUACI\u00d3N DE CUMPLIMIENTO Este sitio web est\u00e1 [&hellip;]\" \/>\n<meta property=\"og:url\" content=\"https:\/\/trusting-fermi.82-223-204-184.plesk.page\/ca\/accesibilitat\/\" \/>\n<meta property=\"og:site_name\" content=\"Lovely Rice \/ Wedding &amp; Event Planner\" \/>\n<meta property=\"article:modified_time\" content=\"2025-02-25T12:57:35+00:00\" \/>\n<meta name=\"twitter:card\" content=\"summary_large_image\" \/>\n<script type=\"application\/ld+json\" class=\"yoast-schema-graph\">{\"@context\":\"https:\\\/\\\/schema.org\",\"@graph\":[{\"@type\":\"WebPage\",\"@id\":\"https:\\\/\\\/trusting-fermi.82-223-204-184.plesk.page\\\/ca\\\/accesibilitat\\\/\",\"url\":\"https:\\\/\\\/trusting-fermi.82-223-204-184.plesk.page\\\/ca\\\/accesibilitat\\\/\",\"name\":\"Accesibilitat - Lovely Rice \\\/ Wedding &amp; Event Planner\",\"isPartOf\":{\"@id\":\"https:\\\/\\\/trusting-fermi.82-223-204-184.plesk.page\\\/ca\\\/#website\"},\"datePublished\":\"2024-02-20T08:59:27+00:00\",\"dateModified\":\"2025-02-25T12:57:35+00:00\",\"breadcrumb\":{\"@id\":\"https:\\\/\\\/trusting-fermi.82-223-204-184.plesk.page\\\/ca\\\/accesibilitat\\\/#breadcrumb\"},\"inLanguage\":\"ca\",\"potentialAction\":[{\"@type\":\"ReadAction\",\"target\":[\"https:\\\/\\\/trusting-fermi.82-223-204-184.plesk.page\\\/ca\\\/accesibilitat\\\/\"]}]},{\"@type\":\"BreadcrumbList\",\"@id\":\"https:\\\/\\\/trusting-fermi.82-223-204-184.plesk.page\\\/ca\\\/accesibilitat\\\/#breadcrumb\",\"itemListElement\":[{\"@type\":\"ListItem\",\"position\":1,\"name\":\"Portada\",\"item\":\"https:\\\/\\\/trusting-fermi.82-223-204-184.plesk.page\\\/ca\\\/\"},{\"@type\":\"ListItem\",\"position\":2,\"name\":\"Accesibilitat\"}]},{\"@type\":\"WebSite\",\"@id\":\"https:\\\/\\\/trusting-fermi.82-223-204-184.plesk.page\\\/ca\\\/#website\",\"url\":\"https:\\\/\\\/trusting-fermi.82-223-204-184.plesk.page\\\/ca\\\/\",\"name\":\"Lovely Rice \\\/ Wedding &amp; Event Planner\",\"description\":\"Wedding Planner\",\"publisher\":{\"@id\":\"https:\\\/\\\/trusting-fermi.82-223-204-184.plesk.page\\\/ca\\\/#organization\"},\"potentialAction\":[{\"@type\":\"SearchAction\",\"target\":{\"@type\":\"EntryPoint\",\"urlTemplate\":\"https:\\\/\\\/trusting-fermi.82-223-204-184.plesk.page\\\/ca\\\/?s={search_term_string}\"},\"query-input\":{\"@type\":\"PropertyValueSpecification\",\"valueRequired\":true,\"valueName\":\"search_term_string\"}}],\"inLanguage\":\"ca\"},{\"@type\":\"Organization\",\"@id\":\"https:\\\/\\\/trusting-fermi.82-223-204-184.plesk.page\\\/ca\\\/#organization\",\"name\":\"Lovely Rice\",\"url\":\"https:\\\/\\\/trusting-fermi.82-223-204-184.plesk.page\\\/ca\\\/\",\"logo\":{\"@type\":\"ImageObject\",\"inLanguage\":\"ca\",\"@id\":\"https:\\\/\\\/trusting-fermi.82-223-204-184.plesk.page\\\/ca\\\/#\\\/schema\\\/logo\\\/image\\\/\",\"url\":\"https:\\\/\\\/trusting-fermi.82-223-204-184.plesk.page\\\/wp-content\\\/uploads\\\/2020\\\/10\\\/BLANC-1.png\",\"contentUrl\":\"https:\\\/\\\/trusting-fermi.82-223-204-184.plesk.page\\\/wp-content\\\/uploads\\\/2020\\\/10\\\/BLANC-1.png\",\"width\":2159,\"height\":2085,\"caption\":\"Lovely Rice\"},\"image\":{\"@id\":\"https:\\\/\\\/trusting-fermi.82-223-204-184.plesk.page\\\/ca\\\/#\\\/schema\\\/logo\\\/image\\\/\"}}]}<\/script>\n<!-- \/ Yoast SEO plugin. -->","yoast_head_json":{"title":"Accesibilitat - Lovely Rice \/ Wedding &amp; Event Planner","robots":{"index":"index","follow":"follow","max-snippet":"max-snippet:-1","max-image-preview":"max-image-preview:large","max-video-preview":"max-video-preview:-1"},"canonical":"https:\/\/trusting-fermi.82-223-204-184.plesk.page\/ca\/accesibilitat\/","og_locale":"ca_ES","og_type":"article","og_title":"Accesibilitat - Lovely Rice \/ Wedding &amp; Event Planner","og_description":"Declaraci\u00f3n de accesibilidadVer\u00f2nica Coloma Mateo se ha comprometido a hacer accesible su sitio web, de conformidad con el Real Decreto 1112\/2018, de 7 de septiembre, sobre accesibilidad de los sitios web y aplicaciones para dispositivos m\u00f3viles del sector p\u00fablico. La presente declaraci\u00f3n de accesibilidad se aplica a www.lovelyrice.com SITUACI\u00d3N DE CUMPLIMIENTO Este sitio web est\u00e1 [&hellip;]","og_url":"https:\/\/trusting-fermi.82-223-204-184.plesk.page\/ca\/accesibilitat\/","og_site_name":"Lovely Rice \/ Wedding &amp; Event Planner","article_modified_time":"2025-02-25T12:57:35+00:00","twitter_card":"summary_large_image","schema":{"@context":"https:\/\/schema.org","@graph":[{"@type":"WebPage","@id":"https:\/\/trusting-fermi.82-223-204-184.plesk.page\/ca\/accesibilitat\/","url":"https:\/\/trusting-fermi.82-223-204-184.plesk.page\/ca\/accesibilitat\/","name":"Accesibilitat - Lovely Rice \/ Wedding &amp; Event Planner","isPartOf":{"@id":"https:\/\/trusting-fermi.82-223-204-184.plesk.page\/ca\/#website"},"datePublished":"2024-02-20T08:59:27+00:00","dateModified":"2025-02-25T12:57:35+00:00","breadcrumb":{"@id":"https:\/\/trusting-fermi.82-223-204-184.plesk.page\/ca\/accesibilitat\/#breadcrumb"},"inLanguage":"ca","potentialAction":[{"@type":"ReadAction","target":["https:\/\/trusting-fermi.82-223-204-184.plesk.page\/ca\/accesibilitat\/"]}]},{"@type":"BreadcrumbList","@id":"https:\/\/trusting-fermi.82-223-204-184.plesk.page\/ca\/accesibilitat\/#breadcrumb","itemListElement":[{"@type":"ListItem","position":1,"name":"Portada","item":"https:\/\/trusting-fermi.82-223-204-184.plesk.page\/ca\/"},{"@type":"ListItem","position":2,"name":"Accesibilitat"}]},{"@type":"WebSite","@id":"https:\/\/trusting-fermi.82-223-204-184.plesk.page\/ca\/#website","url":"https:\/\/trusting-fermi.82-223-204-184.plesk.page\/ca\/","name":"Lovely Rice \/ Wedding &amp; Event Planner","description":"Wedding Planner","publisher":{"@id":"https:\/\/trusting-fermi.82-223-204-184.plesk.page\/ca\/#organization"},"potentialAction":[{"@type":"SearchAction","target":{"@type":"EntryPoint","urlTemplate":"https:\/\/trusting-fermi.82-223-204-184.plesk.page\/ca\/?s={search_term_string}"},"query-input":{"@type":"PropertyValueSpecification","valueRequired":true,"valueName":"search_term_string"}}],"inLanguage":"ca"},{"@type":"Organization","@id":"https:\/\/trusting-fermi.82-223-204-184.plesk.page\/ca\/#organization","name":"Lovely Rice","url":"https:\/\/trusting-fermi.82-223-204-184.plesk.page\/ca\/","logo":{"@type":"ImageObject","inLanguage":"ca","@id":"https:\/\/trusting-fermi.82-223-204-184.plesk.page\/ca\/#\/schema\/logo\/image\/","url":"https:\/\/trusting-fermi.82-223-204-184.plesk.page\/wp-content\/uploads\/2020\/10\/BLANC-1.png","contentUrl":"https:\/\/trusting-fermi.82-223-204-184.plesk.page\/wp-content\/uploads\/2020\/10\/BLANC-1.png","width":2159,"height":2085,"caption":"Lovely Rice"},"image":{"@id":"https:\/\/trusting-fermi.82-223-204-184.plesk.page\/ca\/#\/schema\/logo\/image\/"}}]}},"_links":{"self":[{"href":"https:\/\/trusting-fermi.82-223-204-184.plesk.page\/ca\/wp-json\/wp\/v2\/pages\/8009","targetHints":{"allow":["GET"]}}],"collection":[{"href":"https:\/\/trusting-fermi.82-223-204-184.plesk.page\/ca\/wp-json\/wp\/v2\/pages"}],"about":[{"href":"https:\/\/trusting-fermi.82-223-204-184.plesk.page\/ca\/wp-json\/wp\/v2\/types\/page"}],"author":[{"embeddable":true,"href":"https:\/\/trusting-fermi.82-223-204-184.plesk.page\/ca\/wp-json\/wp\/v2\/users\/1"}],"replies":[{"embeddable":true,"href":"https:\/\/trusting-fermi.82-223-204-184.plesk.page\/ca\/wp-json\/wp\/v2\/comments?post=8009"}],"version-history":[{"count":3,"href":"https:\/\/trusting-fermi.82-223-204-184.plesk.page\/ca\/wp-json\/wp\/v2\/pages\/8009\/revisions"}],"predecessor-version":[{"id":8224,"href":"https:\/\/trusting-fermi.82-223-204-184.plesk.page\/ca\/wp-json\/wp\/v2\/pages\/8009\/revisions\/8224"}],"wp:attachment":[{"href":"https:\/\/trusting-fermi.82-223-204-184.plesk.page\/ca\/wp-json\/wp\/v2\/media?parent=8009"}],"curies":[{"name":"wp","href":"https:\/\/api.w.org\/{rel}","templated":true}]}}